{"id":9177,"date":"2020-07-16T18:45:18","date_gmt":"2020-07-16T16:45:18","guid":{"rendered":"http:\/\/staging.bssi.be\/?page_id=9177"},"modified":"2020-07-20T10:31:08","modified_gmt":"2020-07-20T08:31:08","slug":"contact-us","status":"publish","type":"page","link":"http:\/\/www.bssi.be\/en\/contact-us\/","title":{"rendered":"Contact us"},"content":{"rendered":"<p><section data-kc-fullwidth=\"content\" class=\"kc-elm kc-css-76705 kc_row\"><div class=\"kc-row-container\"><div class=\"kc-wrap-columns\"><div class=\"kc-elm kc-css-873658 kc_col-sm-12 kc_column kc_col-sm-12\"><div class=\"kc-col-container\"><\/div><\/div><\/div><\/div><\/section><section data-kc-equalheight=\"true\" data-kc-equalheight-align=\"middle\" id=\"faq\" data-kc-fullwidth=\"row\" data-kc-parallax=\"true\" class=\"kc-elm kc-css-627787 kc_row\"><div class=\"kc-row-container  kc-container\"><div class=\"kc-wrap-columns\"><div class=\"kc-elm kc-css-81790 kc_col-sm-5 kc_column kc_col-sm-5\"><div class=\"kc-col-container\">\n<div class=\"kc-elm kc-css-595720 divider_line\">\n\t<div class=\"divider_inner divider_line1\">\n\t\t\t<\/div>\n<\/div>\n\n<div class=\"kc-elm kc-css-684380 kc-title-wrap \">\n\n\t<h4 class=\"kc_title\">Demandez aux experts<\/h4>\n<\/div>\n\n<div class=\"kc-elm kc-css-442077 kc-title-wrap \">\n\n\t<h2 class=\"kc_title\">Questions fr\u00e9quemment pos\u00e9es<\/h2>\n<\/div>\n<div class=\"kc-elm kc-css-64631 kc_accordion_wrapper no-margin\">\n<div class=\"kc-elm kc-css-256939 kc_accordion_section group \"><h3 class=\"kc_accordion_header ui-accordion-header\"><span class=\"ui-accordion-header-icon ui-icon\"><\/span><a href=\"#comment-faire-pour-obtenir-un-devis\" data-prevent=\"scroll\"><i class=\"sl-star\"><\/i> Comment faire pour obtenir un devis ? <\/a><\/h3><div class=\"kc_accordion_content ui-accordion-content kc_clearfix\"><div class=\"kc-panel-body\"><div class=\"kc-elm kc-css-933262 kc_text_block\"><\/p>\n<p>There are many variations of passages of Lorem Ipsum available, but the majority have suffered alteration in some form, by injected humour, or randomised words which don&#8217;t look even slightly believable. If you are going to use a passage of Lorem Ipsum.<\/p>\n<p>\n<\/div><\/div><\/div><\/div><div class=\"kc-elm kc-css-903566 kc_accordion_section group \"><h3 class=\"kc_accordion_header ui-accordion-header\"><span class=\"ui-accordion-header-icon ui-icon\"><\/span><a href=\"#fournissez-vous-les-produits\" data-prevent=\"scroll\"><i class=\"sl-star\"><\/i> Fournissez-vous les produits ?<\/a><\/h3><div class=\"kc_accordion_content ui-accordion-content kc_clearfix\"><div class=\"kc-panel-body\"><div class=\"kc-elm kc-css-339426 kc_text_block\"><\/p>\n<p>There are many variations of passages of Lorem Ipsum available, but the majority have suffered alteration in some form, by injected humour, or randomised words which don&#8217;t look even slightly believable. If you are going to use a passage of Lorem Ipsum.<\/p>\n<p>\n<\/div><\/div><\/div><\/div><div class=\"kc-elm kc-css-947077 kc_accordion_section group \"><h3 class=\"kc_accordion_header ui-accordion-header\"><span class=\"ui-accordion-header-icon ui-icon\"><\/span><a href=\"#quelle-est-votre-demarche-qualite\" data-prevent=\"scroll\"><i class=\"sl-star\"><\/i> Quelle est votre d\u00e9marche qualit\u00e9 ?<\/a><\/h3><div class=\"kc_accordion_content ui-accordion-content kc_clearfix\"><div class=\"kc-panel-body\"><div class=\"kc-elm kc-css-216325 kc_text_block\"><\/p>\n<p>There are many variations of passages of Lorem Ipsum available, but the majority have suffered alteration in some form, by injected humour, or randomised words which don&#8217;t look even slightly believable. If you are going to use a passage of Lorem Ipsum.<\/p>\n<p>\n<\/div><\/div><\/div><\/div><\/div>\n<\/div><\/div><div class=\"kc-elm kc-css-124520 kc_col-sm-1 kc_column kc_col-sm-1\"><div class=\"kc-col-container\"><\/div><\/div><div class=\"kc-elm kc-css-832310 kc_col-sm-6 kc_column kc_col-sm-6\"><div class=\"kc-col-container\"><div class=\"kc-elm kc-css-458823 kc_row kc_row_inner\"><div class=\"kc-elm kc-css-689667 kc_col-sm-12 kc_column_inner kc_col-sm-12 profile\"><div class=\"kc_wrapper kc-col-inner-container\"><div class=\"kc-elm kc-css-141351 kc_shortcode kc_single_image\">\n\n        <img src=\"http:\/\/www.bssi.be\/wp-content\/uploads\/2020\/05\/avatar06-1.jpg\" class=\"\" alt=\"\" \/>    <\/div>\n<div class=\"kc-elm kc-css-637715 kc_text_block\"><\/p>\n<p style=\"text-align: center;\">Apr\u00e8s avoir fond\u00e9 BSSI il y a pr\u00e8s de 15 ans, je suis tr\u00e8s fier de voir comment notre entreprise s\u2019est d\u00e9velopp\u00e9e dans toute la Belgique. Je me suis investi dans le secteur du nettoyage d\u00e8s mon plus jeune \u00e2ge et j\u2019ai eu le bonheur de transmettre les astuces du m\u00e9tier \u00e0 mes enfants ainsi qu\u2019\u00e0 toute l\u2019\u00e9quipe. BSSI est une entreprise familiale et solidaire. Nos \u00e9quipes sont d\u00e9vou\u00e9es, comp\u00e9tentes et tr\u00e8s professionnelles.<\/p>\n<p style=\"text-align: center;\">La recherche d\u2019excellence est notre fil rouge et la confiance de nos clients, notre priorit\u00e9 !<\/p>\n<p>\n<\/div>\n<div class=\"kc-elm kc-css-401943 divider_line\">\n\t<div class=\"divider_inner divider_line1\">\n\t\t\t<\/div>\n<\/div>\n\n<div class=\"kc-elm kc-css-356743 kc-title-wrap \">\n\n\t<h4 class=\"kc_title\">Bachir Laarissi<\/h4>\n<\/div>\n<div class=\"kc-elm kc-css-997734 kc_text_block\"><\/p>\n<p style=\"text-align: center;\">General Manager<\/p>\n<p>\n<\/div><\/div><\/div><\/div><\/div><\/div><\/div><\/div><\/section><section data-kc-fullwidth=\"content\" class=\"kc-elm kc-css-943199 kc_row fw_kc_row\"><div class=\"kc-row-container\"><div class=\"kc-wrap-columns\"><div class=\"kc-elm kc-css-869762 kc_col-sm-12 kc_column kc_col-sm-12\"><div class=\"kc-col-container\"><div class=\"kc-elm kc-css-27530 kc_google_maps kc_shortcode\"><div style=\"height: 450px\" class=\"kc-google-maps\"><iframe src=\"https:\/\/www.google.com\/maps\/embed?pb=!1m18!1m12!1m3!1d2517.1537447567334!2d4.32120551592306!3d50.883864763920634!2m3!1f0!2f0!3f0!3m2!1i1024!2i768!4f13.1!3m3!1m2!1s0x47c3c3d109897005%3A0xb557de1923224524!2sRue%20Fr%C3%A9d%C3%A9ric%20Mohrfeld%2027%2C%201090%20Jette!5e0!3m2!1sen!2sbe!4v1589963131408!5m2!1sen!2sbe\" width=\"100%\" height=\"450\" frameborder=\"0\" style=\"border:0;\" allowfullscreen=\"\" aria-hidden=\"false\" tabindex=\"0\"><\/iframe><\/div><\/div><\/div><\/div><\/div><\/div><\/section><section data-kc-equalheight=\"true\" data-kc-equalheight-align=\"middle\" data-kc-fullwidth=\"row\" data-kc-parallax=\"true\" class=\"kc-elm kc-css-243934 kc_row normalize-kc-padding\"><div class=\"kc-row-container  kc-container\"><div class=\"kc-wrap-columns\"><div class=\"kc-elm kc-css-568552 kc_col-sm-5 kc_column kc_col-sm-5\"><div class=\"kc-col-container\"><div class=\"kc-elm kc-css-817836 kc_row kc_row_inner\"><div class=\"kc-elm kc-css-187263 kc_col-sm-12 kc_column_inner kc_col-sm-12\"><div class=\"kc_wrapper kc-col-inner-container\">\n<div class=\"kc-elm kc-css-338018 kc-title-wrap \">\n\n\t<h2 class=\"kc_title\">A question ?<\/h2>\n<\/div>\n<div class=\"kc-contact-form7 kc-elm kc-css-41549\"><div role=\"form\" class=\"wpcf7\" id=\"wpcf7-f6846-o1\" lang=\"en-US\" dir=\"ltr\">\n<div class=\"screen-reader-response\"><p role=\"status\" aria-live=\"polite\" aria-atomic=\"true\"><\/p> <ul><\/ul><\/div>\n<form action=\"\/en\/wp-json\/wp\/v2\/pages\/9177#wpcf7-f6846-o1\" method=\"post\" class=\"wpcf7-form init\" novalidate=\"novalidate\" data-status=\"init\">\n<div style=\"display: none;\">\n<input type=\"hidden\" name=\"_wpcf7\" value=\"6846\" \/>\n<input type=\"hidden\" name=\"_wpcf7_version\" value=\"5.5.4\" \/>\n<input type=\"hidden\" name=\"_wpcf7_locale\" value=\"en_US\" \/>\n<input type=\"hidden\" name=\"_wpcf7_unit_tag\" value=\"wpcf7-f6846-o1\" \/>\n<input type=\"hidden\" name=\"_wpcf7_container_post\" value=\"0\" \/>\n<input type=\"hidden\" name=\"_wpcf7_posted_data_hash\" value=\"\" \/>\n<\/div>\n<div class=\"row form-djv-contact\">\n<div class=\"col-sm-6\" style=\"padding: 6px;\">\n\t\t<span class=\"wpcf7-form-control-wrap your-name\"><input type=\"text\" name=\"your-name\" value=\"\" size=\"40\" class=\"wpcf7-form-control wpcf7-text wpcf7-validates-as-required\" aria-required=\"true\" aria-invalid=\"false\" placeholder=\"Name\" \/><\/span>\n\t<\/div>\n<div class=\"col-sm-6\" style=\"padding: 6px;\">\n\t\t<span class=\"wpcf7-form-control-wrap your-company\"><input type=\"email\" name=\"your-company\" value=\"\" size=\"40\" class=\"wpcf7-form-control wpcf7-text wpcf7-email wpcf7-validates-as-required wpcf7-validates-as-email\" aria-required=\"true\" aria-invalid=\"false\" placeholder=\"Company name\" \/><\/span>\n\t<\/div>\n<div class=\"col-sm-6\" style=\"padding: 6px;\">\n\t\t<span class=\"wpcf7-form-control-wrap your-email\"><input type=\"text\" name=\"your-email\" value=\"\" size=\"40\" class=\"wpcf7-form-control wpcf7-text wpcf7-validates-as-required\" aria-required=\"true\" aria-invalid=\"false\" placeholder=\"Email\" \/><\/span>\n\t<\/div>\n<div class=\"col-sm-6\" style=\"padding: 6px;\">\n\t\t<span class=\"wpcf7-form-control-wrap your-phone\"><input type=\"text\" name=\"your-phone\" value=\"\" size=\"40\" class=\"wpcf7-form-control wpcf7-text wpcf7-validates-as-required\" aria-required=\"true\" aria-invalid=\"false\" placeholder=\"Phone number\" \/><\/span>\n\t<\/div>\n<div class=\"col-sm-12\" style=\"padding: 6px;\">\n\t\t<span class=\"wpcf7-form-control-wrap your-request\"><textarea name=\"your-request\" cols=\"40\" rows=\"10\" class=\"wpcf7-form-control wpcf7-textarea wpcf7-validates-as-required heightless\" aria-required=\"true\" aria-invalid=\"false\" placeholder=\"How can we help you?\"><\/textarea><\/span>\n\t<\/div>\n<div class=\"col-sm-12\" style=\"margin-top: 12px; text-align: left;\">\n\t\t<input type=\"submit\" value=\"Send\" class=\"wpcf7-form-control has-spinner wpcf7-submit btn btn-rounded skin-primary kc_button button\" \/>\n        <\/div>\n<\/div>\n<div class=\"wpcf7-response-output\" aria-hidden=\"true\"><\/div><\/form><\/div><\/div><\/div><\/div><\/div><\/div><\/div><div class=\"kc-elm kc-css-794470 kc_col-sm-1 kc_column kc_col-sm-1\"><div class=\"kc-col-container\"><\/div><\/div><div class=\"kc-elm kc-css-337067 kc_col-sm-6 kc_column kc_col-sm-6\"><div class=\"kc-col-container\"><div class=\"kc-elm kc-css-2296 kc_row kc_row_inner\"><div class=\"kc-elm kc-css-529002 kc_col-sm-12 kc_column_inner kc_col-sm-12\"><div class=\"kc_wrapper kc-col-inner-container\">\n<div class=\"kc-elm kc-css-622470 kc-title-wrap \">\n\n\t<h3 class=\"kc_title\">Company Information<\/h3>\n<\/div>\n<div class=\"kc-elm kc-css-67225 kc_text_block\"><\/p>\n<p>Head office<\/p>\n<p>\n<\/div><div class=\"kc-elm kc-css-773653 kc_text_block\"><\/p>\n<p><span style=\"font-style: inherit; font-family: -apple-system, BlinkMacSystemFont,;\">27, rue Fr\u00e9d\u00e9ric Mohrfeld 1090 Jette<\/span><\/p>\n<p>\n<\/div><div class=\"kc-elm kc-css-393170 kc_text_block\"><\/p>\n<p>Phone<\/p>\n<p>\n<\/div><div class=\"kc-elm kc-css-284852 kc_text_block\"><\/p>\n<p><span lang=\"FR-BE\" style=\"font-size: 11.0pt; line-height: 107%; font-family: 'Calibri',sans-serif; mso-ascii-theme-font: minor-latin; mso-fareast-font-family: Calibri; mso-fareast-theme-font: minor-latin; mso-hansi-theme-font: minor-latin; mso-bidi-font-family: 'Times New Roman'; mso-bidi-theme-font: minor-bidi; mso-ansi-language: FR-BE; mso-fareast-language: EN-US; mso-bidi-language: AR-SA;\">+32 (0)2 242 27 22<\/span><\/p>\n<p>\n<\/div><div class=\"kc-elm kc-css-15983 kc_text_block\"><\/p>\n<p><i class=\"fa-fax\" style=\"color: #cd1f26;\"><\/i>\u00a0\u00a0\u00a0Fax<\/p>\n<p>\n<\/div><div class=\"kc-elm kc-css-535309 kc_text_block\"><\/p>\n<p><span lang=\"FR-BE\" style=\"font-size: 11.0pt; line-height: 107%; font-family: 'Calibri',sans-serif; mso-ascii-theme-font: minor-latin; mso-fareast-font-family: Calibri; mso-fareast-theme-font: minor-latin; mso-hansi-theme-font: minor-latin; mso-bidi-font-family: 'Times New Roman'; mso-bidi-theme-font: minor-bidi; mso-ansi-language: FR-BE; mso-fareast-language: EN-US; mso-bidi-language: AR-SA;\">+32 (0)2 723 70 80<\/span><\/p>\n<p>\n<\/div><\/div><\/div><\/div><\/div><\/div><\/div><\/div><\/section><\/p>\n","protected":false},"excerpt":{"rendered":"","protected":false},"author":1,"featured_media":0,"parent":0,"menu_order":0,"comment_status":"closed","ping_status":"closed","template":"","meta":[],"_links":{"self":[{"href":"http:\/\/www.bssi.be\/en\/wp-json\/wp\/v2\/pages\/9177"}],"collection":[{"href":"http:\/\/www.bssi.be\/en\/wp-json\/wp\/v2\/pages"}],"about":[{"href":"http:\/\/www.bssi.be\/en\/wp-json\/wp\/v2\/types\/page"}],"author":[{"embeddable":true,"href":"http:\/\/www.bssi.be\/en\/wp-json\/wp\/v2\/users\/1"}],"replies":[{"embeddable":true,"href":"http:\/\/www.bssi.be\/en\/wp-json\/wp\/v2\/comments?post=9177"}],"version-history":[{"count":4,"href":"http:\/\/www.bssi.be\/en\/wp-json\/wp\/v2\/pages\/9177\/revisions"}],"predecessor-version":[{"id":9385,"href":"http:\/\/www.bssi.be\/en\/wp-json\/wp\/v2\/pages\/9177\/revisions\/9385"}],"wp:attachment":[{"href":"http:\/\/www.bssi.be\/en\/wp-json\/wp\/v2\/media?parent=9177"}],"curies":[{"name":"wp","href":"https:\/\/api.w.org\/{rel}","templated":true}]}}