{"id":9192,"date":"2018-12-05T07:08:56","date_gmt":"2018-12-05T07:08:56","guid":{"rendered":"http:\/\/staging.bssi.be\/nos-services\/"},"modified":"2022-08-05T15:53:30","modified_gmt":"2022-08-05T13:53:30","slug":"our-services","status":"publish","type":"page","link":"http:\/\/www.bssi.be\/en\/our-services\/","title":{"rendered":"Our services"},"content":{"rendered":"<p><section data-kc-fullwidth=\"content\" class=\"kc-elm kc-css-237674 kc_row\"><div class=\"kc-row-container\"><div class=\"kc-wrap-columns\"><div class=\"kc-elm kc-css-329625 kc_col-sm-12 kc_column kc_col-sm-12\"><div class=\"kc-col-container\"><\/div><\/div><\/div><\/div><\/section><section data-kc-fullwidth=\"row\" data-kc-parallax=\"true\" class=\"kc-elm kc-css-341793 kc_row\"><div class=\"kc-row-container  kc-container\"><div class=\"kc-wrap-columns\"><div class=\"kc-elm kc-css-377490 kc_col-sm-12 kc_column kc_col-sm-12\"><div class=\"kc-col-container\"><div class=\"kc-elm kc-css-889214 kc_row kc_row_inner\"><div class=\"kc-elm kc-css-948393 kc_col-sm-12 kc_column_inner kc_col-sm-12\"><div class=\"kc_wrapper kc-col-inner-container\">\n<div class=\"kc-elm kc-css-442311 divider_line\">\n\t<div class=\"divider_inner divider_line1\">\n\t\t\t<\/div>\n<\/div>\n<\/div><\/div><\/div>\n<div class=\"kc-elm kc-css-464620 kc-title-wrap \">\n\n\t<h4 class=\"kc_title\">What we do<\/h4>\n<\/div>\n\n<div class=\"kc-elm kc-css-804293 kc-title-wrap \">\n\n\t<h2 class=\"kc_title\">Our services<\/h2>\n<\/div>\n<div class=\"kc-elm kc-css-994027 kc_row kc_row_inner\"><div class=\"kc-elm kc-css-478366 kc_col-sm-3 kc_column_inner kc_col-sm-3\"><div class=\"kc_wrapper kc-col-inner-container\"><\/div><\/div><div class=\"kc-elm kc-css-912679 kc_col-sm-6 kc_column_inner kc_col-sm-6\"><div class=\"kc_wrapper kc-col-inner-container\"><div class=\"kc-elm kc-css-692709 kc_text_block\"><\/p>\n<p>\nEach company, each environment, each surface requires a specific cleaning approach, with its own equipment and techniques. This is why we offer a diverse range of services, which can be completed \u201con demand\u201d.<\/p>\n<p>In addition to regular maintenance services, we offer our services on a more punctual basis for more specific requests.<\/p>\n<p>\n<\/div><\/div><\/div><div class=\"kc-elm kc-css-770237 kc_col-sm-3 kc_column_inner kc_col-sm-3\"><div class=\"kc_wrapper kc-col-inner-container\"><\/div><\/div><\/div><div data-kc-equalheight=\"true\" data-kc-row-action=\"true\" data-kc-equalheight-align=\"top\" class=\"kc-elm kc-css-215151 kc_row kc_row_inner\"><div class=\"kc-elm kc-css-247213 kc_col-sm-4 kc_column_inner kc_col-sm-4\"><div class=\"menu-card kc_wrapper kc-col-inner-container\"><div class=\"kc-elm kc-css-887597 kc_shortcode kc_single_image\">\n\n        <img src=\"http:\/\/www.bssi.be\/wp-content\/uploads\/2020\/05\/photo02.jpg\" class=\"\" alt=\"\" \/>    <\/div>\n<div class=\"kc-elm kc-css-425936 kc_row kc_row_inner\"><div class=\"kc-elm kc-css-415333 kc_col-sm-12 kc_column_inner kc_col-sm-12\"><div class=\"kc_wrapper kc-col-inner-container\">\n<div class=\"kc-elm kc-css-84373 kc-title-wrap \">\n\n\t<h4 class=\"kc_title\">Office cleaning<\/h4>\n<\/div>\n<div class=\"kc-elm kc-css-990045 kc_text_block\"><\/p>\n<p>\nOffering your employees a healthy and clean work environment can only contribute to their physical and moral well-being.<\/p>\n<p>\n<\/div><\/div><\/div><\/div>\n<div class=\"kc-elm kc-css-640346\">\n\t<a class=\"kc_button\" href=\"\/en\/our-services\/office-cleaning\/\" target=\"_self\" title=\"Office cleaning\" onclick=\"\">\n\t\tLearn more\t<\/a>\n<\/div>\n<\/div><\/div><div class=\"kc-elm kc-css-781148 kc_col-sm-4 kc_column_inner kc_col-sm-4\"><div class=\"menu-card kc_wrapper kc-col-inner-container\"><div class=\"kc-elm kc-css-543453 kc_shortcode kc_single_image\">\n\n        <img src=\"http:\/\/www.bssi.be\/wp-content\/uploads\/2020\/05\/photo03.jpg\" class=\"\" alt=\"\" \/>    <\/div>\n<div class=\"kc-elm kc-css-393155 kc_row kc_row_inner\"><div class=\"kc-elm kc-css-327943 kc_col-sm-12 kc_column_inner kc_col-sm-12\"><div class=\"kc_wrapper kc-col-inner-container\">\n<div class=\"kc-elm kc-css-539453 kc-title-wrap \">\n\n\t<h4 class=\"kc_title\">Agri-food sector<\/h4>\n<\/div>\n<div class=\"kc-elm kc-css-220288 kc_text_block\"><\/p>\n<p>\nHygiene and food safety are guaranteed thanks to a thorough cleaning of your installations.<\/p>\n<p>\n<\/div><\/div><\/div><\/div>\n<div class=\"kc-elm kc-css-770113\">\n\t<a class=\"kc_button\" href=\"http:\/\/staging.bssi.be\/en\/our-services\/agri-food_sector\/\" target=\"_self\" title=\"Agri-food sector\" onclick=\"\">\n\t\tLearn more\t<\/a>\n<\/div>\n<\/div><\/div><div class=\"kc-elm kc-css-772846 kc_col-sm-4 kc_column_inner kc_col-sm-4\"><div class=\"menu-card kc_wrapper kc-col-inner-container\"><div class=\"kc-elm kc-css-590545 kc_shortcode kc_single_image\">\n\n        <img src=\"http:\/\/www.bssi.be\/wp-content\/uploads\/2020\/05\/photo04.jpg\" class=\"\" alt=\"\" \/>    <\/div>\n<div class=\"kc-elm kc-css-467000 kc_row kc_row_inner\"><div class=\"kc-elm kc-css-24086 kc_col-sm-12 kc_column_inner kc_col-sm-12\"><div class=\"kc_wrapper kc-col-inner-container\">\n<div class=\"kc-elm kc-css-610221 kc-title-wrap \">\n\n\t<h4 class=\"kc_title\">Window cleaning<\/h4>\n<\/div>\n<div class=\"kc-elm kc-css-344845 kc_text_block\"><\/p>\n<p>\nIn complete safety, we give a new shine to your glazing of all shapes and sizes.<\/p>\n<p>\n<\/div><\/div><\/div><\/div>\n<div class=\"kc-elm kc-css-726871\">\n\t<a class=\"kc_button\" href=\"\/en\/our-services\/window-cleaning\/\" target=\"_self\" title=\"Window cleaning\" onclick=\"\">\n\t\tLearn more\t<\/a>\n<\/div>\n<\/div><\/div><\/div><div class=\"kc-elm kc-css-498181\" style=\"height: 24px; clear: both; width:100%;\"><\/div><div data-kc-equalheight=\"true\" data-kc-row-action=\"true\" data-kc-equalheight-align=\"top\" class=\"kc-elm kc-css-318326 kc_row kc_row_inner\"><div class=\"kc-elm kc-css-239857 kc_col-sm-4 kc_column_inner kc_col-sm-4\"><div class=\"menu-card kc_wrapper kc-col-inner-container\"><div class=\"kc-elm kc-css-584124 kc_shortcode kc_single_image\">\n\n        <img src=\"http:\/\/www.bssi.be\/wp-content\/uploads\/2020\/05\/photo05.jpg\" class=\"\" alt=\"\" \/>    <\/div>\n<div class=\"kc-elm kc-css-700734 kc_row kc_row_inner\"><div class=\"kc-elm kc-css-264396 kc_col-sm-12 kc_column_inner kc_col-sm-12\"><div class=\"kc_wrapper kc-col-inner-container\">\n<div class=\"kc-elm kc-css-24458 kc-title-wrap \">\n\n\t<h4 class=\"kc_title\">IT equipment cleaning<\/h4>\n<\/div>\n<div class=\"kc-elm kc-css-588178 kc_text_block\"><\/p>\n<p>\nRegular maintenance of computer and office equipment ensures its efficiency and life span.<\/p>\n<p>\n<\/div><\/div><\/div><\/div>\n<div class=\"kc-elm kc-css-586701\">\n\t<a class=\"kc_button\" href=\"\/en\/our-services\/it-equipment-cleaning\/\" target=\"_self\" title=\"IT equipment cleaning\" onclick=\"\">\n\t\tLearn more\t<\/a>\n<\/div>\n<\/div><\/div><div class=\"kc-elm kc-css-531437 kc_col-sm-4 kc_column_inner kc_col-sm-4\"><div class=\"menu-card kc_wrapper kc-col-inner-container\"><div class=\"kc-elm kc-css-645569 kc_shortcode kc_single_image\">\n\n        <img src=\"http:\/\/www.bssi.be\/wp-content\/uploads\/2020\/05\/photo06.jpg\" class=\"\" alt=\"\" \/>    <\/div>\n<div class=\"kc-elm kc-css-248281 kc_row kc_row_inner\"><div class=\"kc-elm kc-css-23659 kc_col-sm-12 kc_column_inner kc_col-sm-12\"><div class=\"kc_wrapper kc-col-inner-container\">\n<div class=\"kc-elm kc-css-735238 kc-title-wrap \">\n\n\t<h4 class=\"kc_title\">Outdoor maintenance<\/h4>\n<\/div>\n<div class=\"kc-elm kc-css-464901 kc_text_block\"><\/p>\n<p>\nAs it reflects the positive image of your company, we ensure your outdoor spaces look as clean as yourindoor spaces.<\/p>\n<p>\n<\/div><\/div><\/div><\/div>\n<div class=\"kc-elm kc-css-618144\">\n\t<a class=\"kc_button\" href=\"http:\/\/staging.bssi.be\/en\/our-services\/outdoor-maintenance\/\" target=\"_self\" title=\"Outdoor maintenance\" onclick=\"\">\n\t\tLearn more\t<\/a>\n<\/div>\n<\/div><\/div><div class=\"kc-elm kc-css-611241 kc_col-sm-4 kc_column_inner kc_col-sm-4\"><div class=\"menu-card kc_wrapper kc-col-inner-container\"><div class=\"kc-elm kc-css-541001 kc_shortcode kc_single_image\">\n\n        <img src=\"http:\/\/www.bssi.be\/wp-content\/uploads\/2020\/05\/photo07.jpg\" class=\"\" alt=\"\" \/>    <\/div>\n<div class=\"kc-elm kc-css-980622 kc_row kc_row_inner\"><div class=\"kc-elm kc-css-167859 kc_col-sm-12 kc_column_inner kc_col-sm-12\"><div class=\"kc_wrapper kc-col-inner-container\">\n<div class=\"kc-elm kc-css-233471 kc-title-wrap \">\n\n\t<h4 class=\"kc_title\">Maintenance of green spaces<\/h4>\n<\/div>\n<div class=\"kc-elm kc-css-630591 kc_text_block\"><\/p>\n<p>\nAs green spaces are increasingly precious, we know how to care of them.<\/p>\n<p>\n<\/div><\/div><\/div><\/div>\n<div class=\"kc-elm kc-css-160463\">\n\t<a class=\"kc_button\" href=\"http:\/\/staging.bssi.be\/en\/our-services\/maintenance-of-green-spaces\/\" target=\"_self\" title=\"Maintenance of green spaces\" onclick=\"\">\n\t\tLearn more\t<\/a>\n<\/div>\n<\/div><\/div><\/div><div class=\"kc-elm kc-css-698693\" style=\"height: 24px; clear: both; width:100%;\"><\/div><div data-kc-equalheight=\"true\" data-kc-row-action=\"true\" data-kc-equalheight-align=\"top\" class=\"kc-elm kc-css-600921 kc_row kc_row_inner\"><div class=\"kc-elm kc-css-980762 kc_col-sm-4 kc_column_inner kc_col-sm-4\"><div class=\"menu-card kc_wrapper kc-col-inner-container\"><div class=\"kc-elm kc-css-574578 kc_shortcode kc_single_image\">\n\n        <img src=\"http:\/\/www.bssi.be\/wp-content\/uploads\/2022\/08\/piscine.jpg\" class=\"\" alt=\"\" \/>    <\/div>\n<div class=\"kc-elm kc-css-918934 kc_row kc_row_inner\"><div class=\"kc-elm kc-css-471527 kc_col-sm-12 kc_column_inner kc_col-sm-12\"><div class=\"kc_wrapper kc-col-inner-container\">\n<div class=\"kc-elm kc-css-218252 kc-title-wrap \">\n\n\t<h4 class=\"kc_title\">Nettoyage secteur piscines<\/h4>\n<\/div>\n<div class=\"kc-elm kc-css-487061 kc_text_block\"><\/p>\n<div class=\"kc-elm kc-css-487411 kc_text_block\">\n<p>Hygi\u00e8ne et s\u00e9curit\u00e9 sont assur\u00e9s tant dans les zones humides que s\u00e8ches, selon les normes en vigueur en toute pr\u00e9caution.<\/p>\n<\/div>\n<p>\n<\/div><\/div><\/div><\/div>\n<div class=\"kc-elm kc-css-835838\">\n\t<a class=\"kc_button\" href=\"\/en\/our-services\/total-quality-service-multiservices\/\" target=\"_self\" title=\"Total Quality Service \/ Multiservices\" onclick=\"\">\n\t\tLearn more\t<\/a>\n<\/div>\n<\/div><\/div><div class=\"kc-elm kc-css-162438 kc_col-sm-4 kc_column_inner kc_col-sm-4\"><div class=\"menu-card kc_wrapper kc-col-inner-container\"><div class=\"kc-elm kc-css-706796 kc_shortcode kc_single_image\">\n\n        <img src=\"http:\/\/www.bssi.be\/wp-content\/uploads\/2020\/05\/photo08.jpg\" class=\"\" alt=\"\" \/>    <\/div>\n<div class=\"kc-elm kc-css-660248 kc_row kc_row_inner\"><div class=\"kc-elm kc-css-878725 kc_col-sm-12 kc_column_inner kc_col-sm-12\"><div class=\"kc_wrapper kc-col-inner-container\">\n<div class=\"kc-elm kc-css-142432 kc-title-wrap \">\n\n\t<h4 class=\"kc_title\">Total Quality Service \/ Multiservices <\/h4>\n<\/div>\n<div class=\"kc-elm kc-css-534546 kc_text_block\"><\/p>\n<p>\nThe concept of multiservice is part of our corporate strategy, so you are the one who makes up all the services delivered by BSSI.<\/p>\n<p>\n<\/div><\/div><\/div><\/div>\n<div class=\"kc-elm kc-css-701019\">\n\t<a class=\"kc_button\" href=\"\/en\/our-services\/total-quality-service-multiservices\/\" target=\"_self\" title=\"Total Quality Service \/ Multiservices\" onclick=\"\">\n\t\tLearn more\t<\/a>\n<\/div>\n<\/div><\/div><div class=\"kc-elm kc-css-704245 kc_col-sm-4 kc_column_inner kc_col-sm-4\"><div class=\"kc_wrapper kc-col-inner-container\"><\/div><\/div><\/div><\/div><\/div><\/div><\/div><\/section><section data-kc-fullwidth=\"row\" class=\"kc-elm kc-css-797733 kc_row\"><div class=\"kc-row-container  kc-container\"><div class=\"kc-wrap-columns\"><div class=\"kc-elm kc-css-731870 kc_col-sm-12 kc_column kc_col-sm-12\"><div class=\"kc-col-container\"><div class=\"kc-elm kc-css-673613 kc_row kc_row_inner\"><div class=\"kc-elm kc-css-864021 kc_col-sm-12 kc_column_inner kc_col-sm-12\"><div class=\"kc_wrapper kc-col-inner-container\">\n<div class=\"kc-elm kc-css-832124 divider_line\">\n\t<div class=\"divider_inner divider_line1\">\n\t\t\t<\/div>\n<\/div>\n<\/div><\/div><\/div><div class=\"kc-elm kc-css-221525 kc_row kc_row_inner\"><div class=\"kc-elm kc-css-811730 kc_col-sm-5 kc_column_inner kc_col-sm-5\"><div class=\"kc_wrapper kc-col-inner-container\">\n<div class=\"kc-elm kc-css-921043 kc-title-wrap \">\n\n\t<h4 class=\"kc_title\">Subscribers of Excellence<\/h4>\n<\/div>\n\n<div class=\"kc-elm kc-css-791060 kc-title-wrap \">\n\n\t<h2 class=\"kc_title\">Our customers<\/h2>\n<\/div>\n<div class=\"kc-elm kc-css-699035 kc_text_block\"><\/p>\n<p>\nThe pursuit of excellence is our common thread and the trust of our customers is our priority!<\/p>\n<p>\n<\/div><\/div><\/div><div class=\"kc-elm kc-css-282513 kc_col-sm-1 kc_column_inner kc_col-sm-1\"><div class=\"kc_wrapper kc-col-inner-container\"><\/div><\/div><div class=\"kc-elm kc-css-438592 kc_col-sm-6 kc_column_inner kc_col-sm-6\"><div class=\"kc_wrapper kc-col-inner-container\"><div class=\"kc-elm kc-css-454807 kc_tabs group kc-tabs-slider\"><div class=\"owl-carousel\" data-owl-options='{\"items\":1,\"speed\":450,\"navigation\":\"\",\"pagination\":\"yes\",\"autoheight\":\"\",\"autoplay\":\"\",\"tablet\":1,\"mobile\":1}'><div id=\"new-tab\" class=\"kc-elm kc-css-757505 kc_tab ui-tabs-panel kc_ui-tabs-hide kc_clearfix \"><div class=\"kc_tab_content\"><div class=\"kc-elm kc-css-69104 kc_row kc_row_inner\"><div class=\"kc-elm kc-css-565662 kc_col-sm-4 kc_column_inner kc_col-sm-4\"><div class=\"menu-card kc_wrapper kc-col-inner-container\"><div class=\"kc-elm kc-css-13937 kc_shortcode kc_single_image\">\n\n        <img src=\"http:\/\/www.bssi.be\/wp-content\/uploads\/2020\/06\/logo_LSG_Sky_Chefs.jpg\" class=\"\" alt=\"\" \/>    <\/div>\n<\/div><\/div><div class=\"kc-elm kc-css-86343 kc_col-sm-4 kc_column_inner kc_col-sm-4\"><div class=\"menu-card kc_wrapper kc-col-inner-container\"><div class=\"kc-elm kc-css-576428 kc_shortcode kc_single_image\">\n\n        <img src=\"http:\/\/www.bssi.be\/wp-content\/uploads\/2020\/06\/logo_CRELAN.jpg\" class=\"\" alt=\"\" \/>    <\/div>\n<\/div><\/div><div class=\"kc-elm kc-css-343884 kc_col-sm-4 kc_column_inner kc_col-sm-4\"><div class=\"menu-card kc_wrapper kc-col-inner-container\"><div class=\"kc-elm kc-css-416643 kc_shortcode kc_single_image\">\n\n        <img src=\"http:\/\/www.bssi.be\/wp-content\/uploads\/2020\/06\/logo_embassade_Quatar.jpg\" class=\"\" alt=\"\" \/>    <\/div>\n<\/div><\/div><\/div><div class=\"kc-elm kc-css-193418 kc_row kc_row_inner\"><div class=\"kc-elm kc-css-953245 kc_col-sm-4 kc_column_inner kc_col-sm-4\"><div class=\"menu-card kc_wrapper kc-col-inner-container\"><div class=\"kc-elm kc-css-569874 kc_shortcode kc_single_image\">\n\n        <img src=\"http:\/\/www.bssi.be\/wp-content\/uploads\/2020\/06\/logo_UNDP.jpg\" class=\"\" alt=\"\" \/>    <\/div>\n<\/div><\/div><div class=\"kc-elm kc-css-44526 kc_col-sm-4 kc_column_inner kc_col-sm-4\"><div class=\"menu-card kc_wrapper kc-col-inner-container\"><div class=\"kc-elm kc-css-625018 kc_shortcode kc_single_image\">\n\n        <img src=\"http:\/\/www.bssi.be\/wp-content\/uploads\/2020\/06\/logo_BURGO.jpg\" class=\"\" alt=\"\" \/>    <\/div>\n<\/div><\/div><div class=\"kc-elm kc-css-391179 kc_col-sm-4 kc_column_inner kc_col-sm-4\"><div class=\"menu-card kc_wrapper kc-col-inner-container\"><div class=\"kc-elm kc-css-269350 kc_shortcode kc_single_image\">\n\n        <img src=\"http:\/\/www.bssi.be\/wp-content\/uploads\/2020\/06\/logo_Consulat_Royaume_du_Maroc-1.jpg\" class=\"\" alt=\"\" \/>    <\/div>\n<\/div><\/div><\/div><\/div><\/div><div id=\"new-tab\" class=\"kc-elm kc-css-450225 kc_tab ui-tabs-panel kc_ui-tabs-hide kc_clearfix \"><div class=\"kc_tab_content\"><div class=\"kc-elm kc-css-290674 kc_row kc_row_inner\"><div class=\"kc-elm kc-css-585389 kc_col-sm-4 kc_column_inner kc_col-sm-4\"><div class=\"menu-card kc_wrapper kc-col-inner-container\"><div class=\"kc-elm kc-css-566536 kc_shortcode kc_single_image\">\n\n        <img src=\"http:\/\/www.bssi.be\/wp-content\/uploads\/2020\/06\/logo_Don_Bosco_instituut-1.jpg\" class=\"\" alt=\"\" \/>    <\/div>\n<\/div><\/div><div class=\"kc-elm kc-css-506383 kc_col-sm-4 kc_column_inner kc_col-sm-4\"><div class=\"menu-card kc_wrapper kc-col-inner-container\"><div class=\"kc-elm kc-css-248858 kc_shortcode kc_single_image\">\n\n        <img src=\"http:\/\/www.bssi.be\/wp-content\/uploads\/2020\/06\/logo_Vasco_Data_Security.jpg\" class=\"\" alt=\"\" \/>    <\/div>\n<\/div><\/div><div class=\"kc-elm kc-css-446521 kc_col-sm-4 kc_column_inner kc_col-sm-4\"><div class=\"menu-card kc_wrapper kc-col-inner-container\"><div class=\"kc-elm kc-css-381230 kc_shortcode kc_single_image\">\n\n        <img src=\"http:\/\/www.bssi.be\/wp-content\/uploads\/2020\/06\/logo_Subaru_Europe.jpg\" class=\"\" alt=\"\" \/>    <\/div>\n<\/div><\/div><\/div><div class=\"kc-elm kc-css-574993 kc_row kc_row_inner\"><div class=\"kc-elm kc-css-472166 kc_col-sm-4 kc_column_inner kc_col-sm-4\"><div class=\"menu-card kc_wrapper kc-col-inner-container\"><div class=\"kc-elm kc-css-220758 kc_shortcode kc_single_image\">\n\n        <img src=\"http:\/\/www.bssi.be\/wp-content\/uploads\/2020\/06\/logo_Sint-Victor_instituut.jpg\" class=\"\" alt=\"\" \/>    <\/div>\n<\/div><\/div><div class=\"kc-elm kc-css-531652 kc_col-sm-4 kc_column_inner kc_col-sm-4\"><div class=\"menu-card kc_wrapper kc-col-inner-container\"><div class=\"kc-elm kc-css-478868 kc_shortcode kc_single_image\">\n\n        <img src=\"http:\/\/www.bssi.be\/wp-content\/uploads\/2020\/06\/logo_Mars-_Belgium.jpg\" class=\"\" alt=\"\" \/>    <\/div>\n<\/div><\/div><div class=\"kc-elm kc-css-823914 kc_col-sm-4 kc_column_inner kc_col-sm-4\"><div class=\"menu-card kc_wrapper kc-col-inner-container\"><div class=\"kc-elm kc-css-384122 kc_shortcode kc_single_image\">\n\n        <img src=\"http:\/\/www.bssi.be\/wp-content\/uploads\/2020\/06\/logo_KVIK.jpg\" class=\"\" alt=\"\" \/>    <\/div>\n<\/div><\/div><\/div><\/div><\/div><div id=\"new-tab\" class=\"kc-elm kc-css-252219 kc_tab ui-tabs-panel kc_ui-tabs-hide kc_clearfix \"><div class=\"kc_tab_content\"><div class=\"kc-elm kc-css-444852 kc_row kc_row_inner\"><div class=\"kc-elm kc-css-807399 kc_col-sm-4 kc_column_inner kc_col-sm-4\"><div class=\"menu-card kc_wrapper kc-col-inner-container\"><div class=\"kc-elm kc-css-539872 kc_shortcode kc_single_image\">\n\n        <img src=\"http:\/\/www.bssi.be\/wp-content\/uploads\/2020\/06\/logo_HH__College_Halle.jpg\" class=\"\" alt=\"\" \/>    <\/div>\n<\/div><\/div><div class=\"kc-elm kc-css-914871 kc_col-sm-4 kc_column_inner kc_col-sm-4\"><div class=\"menu-card kc_wrapper kc-col-inner-container\"><div class=\"kc-elm kc-css-743908 kc_shortcode kc_single_image\">\n\n        <img src=\"http:\/\/www.bssi.be\/wp-content\/uploads\/2020\/06\/logo_Haute_Ecole_Paul-Henri_Spaak.jpg\" class=\"\" alt=\"\" \/>    <\/div>\n<\/div><\/div><div class=\"kc-elm kc-css-81073 kc_col-sm-4 kc_column_inner kc_col-sm-4\"><div class=\"menu-card kc_wrapper kc-col-inner-container\"><div class=\"kc-elm kc-css-286596 kc_shortcode kc_single_image\">\n\n        <img src=\"http:\/\/www.bssi.be\/wp-content\/uploads\/2020\/06\/logo_Generali_Belgium.jpg\" class=\"\" alt=\"\" \/>    <\/div>\n<\/div><\/div><\/div><div class=\"kc-elm kc-css-77510 kc_row kc_row_inner\"><div class=\"kc-elm kc-css-304709 kc_col-sm-4 kc_column_inner kc_col-sm-4\"><div class=\"menu-card kc_wrapper kc-col-inner-container\"><div class=\"kc-elm kc-css-254731 kc_shortcode kc_single_image\">\n\n        <img src=\"http:\/\/www.bssi.be\/wp-content\/uploads\/2020\/06\/logo_DON_BOSCO_garage_Halle.jpg\" class=\"\" alt=\"\" \/>    <\/div>\n<\/div><\/div><div class=\"kc-elm kc-css-316652 kc_col-sm-4 kc_column_inner kc_col-sm-4\"><div class=\"menu-card kc_wrapper kc-col-inner-container\"><div class=\"kc-elm kc-css-442202 kc_shortcode kc_single_image\">\n\n        <img src=\"http:\/\/www.bssi.be\/wp-content\/uploads\/2020\/06\/logo_Mater_Dei_instituut.jpg\" class=\"\" alt=\"\" \/>    <\/div>\n<\/div><\/div><div class=\"kc-elm kc-css-260199 kc_col-sm-4 kc_column_inner kc_col-sm-4\"><div class=\"menu-card kc_wrapper kc-col-inner-container\"><div class=\"kc-elm kc-css-586061 kc_shortcode kc_single_image\">\n\n        <img src=\"http:\/\/www.bssi.be\/wp-content\/uploads\/2020\/06\/logo_COPYTEC.jpg\" class=\"\" alt=\"\" \/>    <\/div>\n<\/div><\/div><\/div><\/div><\/div><div id=\"new-tab\" class=\"kc-elm kc-css-535257 kc_tab ui-tabs-panel kc_ui-tabs-hide kc_clearfix \"><div class=\"kc_tab_content\"><div class=\"kc-elm kc-css-343079 kc_row kc_row_inner\"><div class=\"kc-elm kc-css-469219 kc_col-sm-4 kc_column_inner kc_col-sm-4\"><div class=\"menu-card kc_wrapper kc-col-inner-container\"><div class=\"kc-elm kc-css-894063 kc_shortcode kc_single_image\">\n\n        <img src=\"http:\/\/www.bssi.be\/wp-content\/uploads\/2020\/06\/logo_Alva.jpg\" class=\"\" alt=\"\" \/>    <\/div>\n<\/div><\/div><div class=\"kc-elm kc-css-128679 kc_col-sm-4 kc_column_inner kc_col-sm-4\"><div class=\"menu-card kc_wrapper kc-col-inner-container\"><div class=\"kc-elm kc-css-314680 kc_shortcode kc_single_image\">\n\n        <img src=\"http:\/\/www.bssi.be\/wp-content\/uploads\/2020\/06\/logo_Basisschool_Voorzienigheid.jpg\" class=\"\" alt=\"\" \/>    <\/div>\n<\/div><\/div><div class=\"kc-elm kc-css-943211 kc_col-sm-4 kc_column_inner kc_col-sm-4\"><div class=\"menu-card kc_wrapper kc-col-inner-container\"><div class=\"kc-elm kc-css-678195 kc_shortcode kc_single_image\">\n\n        <img src=\"http:\/\/www.bssi.be\/wp-content\/uploads\/2020\/06\/logo_Bureau_Avocat.jpg\" class=\"\" alt=\"\" \/>    <\/div>\n<\/div><\/div><\/div><\/div><\/div><\/div><\/div><\/div><\/div><\/div><\/div><\/div><\/div><\/div><\/section><section id=\"our_testi\" data-kc-fullwidth=\"row\" data-kc-parallax=\"true\" class=\"kc-elm kc-css-931882 kc_row\"><div class=\"kc-row-container  kc-container\"><div class=\"kc-wrap-columns\"><div class=\"kc-elm kc-css-814062 kc_col-sm-12 kc_column kc_col-sm-12\"><div class=\"kc-col-container\"><div class=\"kc-elm kc-css-108649 kc_row kc_row_inner\"><div class=\"kc-elm kc-css-545785 kc_col-sm-12 kc_column_inner kc_col-sm-12\"><div class=\"kc_wrapper kc-col-inner-container\">\n<div class=\"kc-elm kc-css-162849 divider_line\">\n\t<div class=\"divider_inner divider_line1\">\n\t\t\t<\/div>\n<\/div>\n<\/div><\/div><\/div>\n<div class=\"kc-elm kc-css-691354 kc-title-wrap \">\n\n\t<h4 class=\"kc_title\">What they say about us<\/h4>\n<\/div>\n\n<div class=\"kc-elm kc-css-9896 kc-title-wrap \">\n\n\t<h2 class=\"kc_title\">Testimonials<\/h2>\n<\/div>\n<div class=\"kc-elm kc-css-567599 kc_row kc_row_inner\"><div class=\"kc-elm kc-css-756533 kc_col-sm-3 kc_column_inner kc_col-sm-3\"><div class=\"kc_wrapper kc-col-inner-container\"><\/div><\/div><div class=\"kc-elm kc-css-270285 kc_col-sm-6 kc_column_inner kc_col-sm-6\"><div class=\"kc_wrapper kc-col-inner-container\"><div class=\"kc-elm kc-css-407255 kc_text_block\"><\/p>\n<p>\nBSSI aims for the continuous satisfaction of its customers.<br \/>Light on some customer testimonials:<\/p>\n<p>\n<\/div><\/div><\/div><div class=\"kc-elm kc-css-291667 kc_col-sm-3 kc_column_inner kc_col-sm-3\"><div class=\"kc_wrapper kc-col-inner-container\"><\/div><\/div><\/div><div class=\"kc-elm kc-css-752166 kc_tabs group kc-tabs-slider\"><div class=\"owl-carousel\" data-owl-options='{\"items\":1,\"speed\":450,\"navigation\":\"\",\"pagination\":\"yes\",\"autoheight\":\"\",\"autoplay\":\"\",\"tablet\":1,\"mobile\":1}'><div id=\"new-tab\" class=\"kc-elm kc-css-498035 kc_tab ui-tabs-panel kc_ui-tabs-hide kc_clearfix \"><div class=\"kc_tab_content\"><div class=\"kc-elm kc-css-318346\" style=\"height: 24px; clear: both; width:100%;\"><\/div><div class=\"kc-elm kc-css-329545 kc_row kc_row_inner\"><div class=\"kc-elm kc-css-285009 kc_col-sm-6 kc_column_inner kc_col-sm-6\"><div class=\"kc_wrapper kc-col-inner-container\">\n<div class=\"kc-elm kc-css-15199 kc-testimo kc-testi-layout-4 testi_list\">\n\n\t<figure class=\"content-image\"><img src=\"http:\/\/www.bssi.be\/wp-content\/uploads\/2020\/05\/avatar06-1.jpg\" alt=\"\"><\/figure><div class=\"box-right\"><div class=\"content-desc\">A reliable cleaning company with flexible and highly skilled staff<\/div><\/div>\n<\/div>\n<\/div><\/div><div class=\"kc-elm kc-css-330173 kc_col-sm-6 kc_column_inner kc_col-sm-6\"><div class=\"kc_wrapper kc-col-inner-container\">\n<div class=\"kc-elm kc-css-636816 kc-testimo kc-testi-layout-4 testi_list\">\n\n\t<figure class=\"content-image\"><img src=\"http:\/\/www.bssi.be\/wp-content\/uploads\/2020\/05\/avatar01-1.jpg\" alt=\"\"><\/figure><div class=\"box-right\"><div class=\"content-desc\">BSSI, a company very attentive to the needs of its customers<\/div><\/div>\n<\/div>\n<\/div><\/div><\/div><div class=\"kc-elm kc-css-423046\" style=\"height: 28px; clear: both; width:100%;\"><\/div><\/div><\/div><div id=\"new-tab2\" class=\"kc-elm kc-css-166301 kc_tab ui-tabs-panel kc_ui-tabs-hide kc_clearfix \"><div class=\"kc_tab_content\"><div class=\"kc-elm kc-css-854178\" style=\"height: 24px; clear: both; width:100%;\"><\/div><div class=\"kc-elm kc-css-439768 kc_row kc_row_inner\"><div class=\"kc-elm kc-css-430319 kc_col-sm-6 kc_column_inner kc_col-sm-6\"><div class=\"kc_wrapper kc-col-inner-container\">\n<div class=\"kc-elm kc-css-688359 kc-testimo kc-testi-layout-4 testi_list\">\n\n\t<figure class=\"content-image\"><img src=\"http:\/\/www.bssi.be\/wp-content\/uploads\/2020\/05\/avatar05-1.jpg\" alt=\"\"><\/figure><div class=\"box-right\"><div class=\"content-desc\">A passionate and dedicated team!\r\n<\/div><\/div>\n<\/div>\n<\/div><\/div><div class=\"kc-elm kc-css-859228 kc_col-sm-6 kc_column_inner kc_col-sm-6\"><div class=\"kc_wrapper kc-col-inner-container\">\n<div class=\"kc-elm kc-css-919895 kc-testimo kc-testi-layout-4 testi_list\">\n\n\t<figure class=\"content-image\"><img src=\"http:\/\/www.bssi.be\/wp-content\/uploads\/2020\/05\/avatar03-1.jpg\" alt=\"\"><\/figure><div class=\"box-right\"><div class=\"content-desc\">BSSI is a company that seeks quality above all. With trained staff, modern machinery and extensive know-how, it embodies excellence!<\/div><\/div>\n<\/div>\n<\/div><\/div><\/div><div class=\"kc-elm kc-css-598394\" style=\"height: 28px; clear: both; width:100%;\"><\/div><\/div><\/div><\/div><\/div><\/div><\/div><\/div><\/div><\/section><\/p>\n","protected":false},"excerpt":{"rendered":"","protected":false},"author":1,"featured_media":0,"parent":0,"menu_order":0,"comment_status":"closed","ping_status":"closed","template":"","meta":[],"_links":{"self":[{"href":"http:\/\/www.bssi.be\/en\/wp-json\/wp\/v2\/pages\/9192"}],"collection":[{"href":"http:\/\/www.bssi.be\/en\/wp-json\/wp\/v2\/pages"}],"about":[{"href":"http:\/\/www.bssi.be\/en\/wp-json\/wp\/v2\/types\/page"}],"author":[{"embeddable":true,"href":"http:\/\/www.bssi.be\/en\/wp-json\/wp\/v2\/users\/1"}],"replies":[{"embeddable":true,"href":"http:\/\/www.bssi.be\/en\/wp-json\/wp\/v2\/comments?post=9192"}],"version-history":[{"count":16,"href":"http:\/\/www.bssi.be\/en\/wp-json\/wp\/v2\/pages\/9192\/revisions"}],"predecessor-version":[{"id":9630,"href":"http:\/\/www.bssi.be\/en\/wp-json\/wp\/v2\/pages\/9192\/revisions\/9630"}],"wp:attachment":[{"href":"http:\/\/www.bssi.be\/en\/wp-json\/wp\/v2\/media?parent=9192"}],"curies":[{"name":"wp","href":"https:\/\/api.w.org\/{rel}","templated":true}]}}